{"id":5557,"date":"2021-09-23T07:04:20","date_gmt":"2021-09-23T07:04:20","guid":{"rendered":"https:\/\/www.recursosimpulsa.com\/web_nueva\/?page_id=5557"},"modified":"2022-03-31T11:10:19","modified_gmt":"2022-03-31T11:10:19","slug":"quienes-somos","status":"publish","type":"page","link":"https:\/\/www.recursosimpulsa.com\/web_nueva\/quienes-somos\/","title":{"rendered":"Qui\u00e9nes somos"},"content":{"rendered":"<p>[vc_row enable_skewed_section_effect=\u00bbyes\u00bb skewed_section_effect_top=\u00bbyes\u00bb skewed_section_effect_bottom=\u00bbyes\u00bb row_background_text_align=\u00bbright\u00bb row_background_text_vertical_align=\u00bbtop\u00bb css=\u00bb.vc_custom_1632904964494{padding-top: 60px !important;padding-bottom: 60px !important;background-position: 0 0 !important;background-repeat: no-repeat !important;}\u00bb row_background_text_1=\u00bbCon\u00f3cenos\u00bb row_background_text_size=\u00bb180px\u00bb row_background_text_color=\u00bbrgba(202,223,141,0.18)\u00bb row_background_text_padding_right=\u00bb90px\u00bb row_background_text_padding_top=\u00bb90px\u00bb][vc_column css=\u00bb.vc_custom_1632388073369{padding-top: 0px !important;}\u00bb]<div class=\"qodef-elements-holder   qodef-two-columns  qodef-responsive-mode-768   \" ><div class=\"qodef-eh-item  qodef-vertical-alignment-bottom qodef-horizontal-alignment-center qodef-grow-in\"  data-item-class=\"qodef-eh-custom-6538\" data-animation=\"qodef-grow-in\"  data-1025-1366=\"0 60px 0 0\"   data-680=\"0 15px 0 15px\">\n\t<div class=\"qodef-eh-item-inner\">\n\t\t<div class=\"qodef-eh-item-content qodef-eh-custom-6538\" style=\"padding: 0 0 0 210px\">\n\t\t\t<div class=\"qodef-single-image-holder   \">\n    <div class=\"qodef-si-inner\" >\n                                    <img loading=\"lazy\" decoding=\"async\" width=\"624\" height=\"554\" src=\"https:\/\/www.recursosimpulsa.com\/web_nueva\/wp-content\/uploads\/2021\/09\/quienes-somos.png\" class=\"attachment-full size-full\" alt=\"\" srcset=\"https:\/\/www.recursosimpulsa.com\/web_nueva\/wp-content\/uploads\/2021\/09\/quienes-somos.png 624w, https:\/\/www.recursosimpulsa.com\/web_nueva\/wp-content\/uploads\/2021\/09\/quienes-somos-300x266.png 300w\" sizes=\"auto, (max-width: 624px) 100vw, 624px\" \/>                        <\/div>\n<\/div>\t\t<\/div>\n\t<\/div>\n<\/div><div class=\"qodef-eh-item  qodef-vertical-alignment-top  qodef-element-from-fade\"  data-item-class=\"qodef-eh-custom-2439\" data-animation=\"qodef-element-from-fade\" data-1367-1600=\"71px 150px 0 20px\" data-1025-1366=\"45px 65px 0 20px\" data-769-1024=\"0px 55px 0 20px\" data-681-768=\"20px 82px 0\" data-680=\"20px 15px 0\">\n\t<div class=\"qodef-eh-item-inner\">\n\t\t<div class=\"qodef-eh-item-content qodef-eh-custom-2439\" style=\"padding: 71px 350px 0 20px\">\n\t\t\t<div class=\"qodef-section-title-holder  qodef-st-standard qodef-st-title-left qodef-st-normal-space \" >\n\t<div class=\"qodef-st-inner\">\n\t\t            <h6 class=\"qodef-st-subtitle\" style=\"color: #a8c049;font-size: 12px;font-style: normal;font-weight: 500;margin: 0 0 12px\">\n                CON\u00d3CENOS            <\/h6>\n        \t\t\t\t\t<h2 class=\"qodef-st-title\" style=\"color: #4d4d4d\">\n\t\t\t\tQui\u00e9nes <span class=\"qodef-st-title-colored\">somos<\/span>\t\t\t<\/h2>\n\t\t\t\t\t<\/div>\n<\/div>[vc_empty_space height=\u00bb12px\u00bb][vc_column_text]La formaci\u00f3n progresa con <strong style=\"color: #3eb1c8;\">Recursos Impulsa.<\/strong><\/p>\n<p>Recursos Impulsa es una consultora de servicios Integrales para el sector de la formaci\u00f3n, trabajamos para darle\u00a0 apoyo al sector y cubrir todas sus necesidades: Contenidos Elearning, Manuales, RRHH (Autores\/as, Formadores\/as, Profesionales T\u00e9cnicos, Tutores\/as..),Plataforma e-learning, Tr\u00e1mites administrativos, Asesoramiento y servicios T\u00e9cnicos.<\/p>\n<p>Nuestra experiencia y visi\u00f3n global en el sector de la formaci\u00f3n nos permite ofrecer el mejor servicio, de calidad, de una manera personalizada y directa, cada cliente no necesita lo mismo, ni de la misma forma. As\u00ed en Recursos Impulsa te proporcionamos todo lo necesario para su proyecto formativo. Nuestros clientes no tienen por qu\u00e9 acudir a diversos proveedores para encontrar lo que les hace falta o necesitan en cada momento, benefici\u00e1ndose del ahorro de tiempo y tramites de gesti\u00f3n.<\/p>\n<p>Recursos Impulsa, con m\u00e1s de 20 a\u00f1os en el sector, le proporciona todos los Recursos necesarios para ejecutar su formaci\u00f3n.[\/vc_column_text]\t\t<\/div>\n\t<\/div>\n<\/div><\/div>[\/vc_column][\/vc_row][vc_row css=\u00bb.vc_custom_1632388179694{margin-bottom: 0px !important;padding-top: 30px !important;padding-bottom: 0px !important;background-color: #f9f9f9 !important;}\u00bb][vc_column offset=\u00bbvc_col-lg-12 vc_col-md-12&#8243;]<div class=\"qodef-section-title-holder  qodef-st-standard qodef-st-title-left qodef-st-normal-space \" style=\"text-align: center\">\n\t<div class=\"qodef-st-inner\">\n\t\t\t\t\t\t\t<h2 class=\"qodef-st-title\" style=\"color: #4d4d4d;font-weight: 700\">\n\t\t\t\tNuestros <span class=\"qodef-st-title-colored\">Valores<\/span>\t\t\t<\/h2>\n\t\t\t\t\t<\/div>\n<\/div>[vc_empty_space height=\u00bb30&#8243;][\/vc_column][\/vc_row][vc_row content_text_aligment=\u00bbcenter\u00bb enable_skewed_section_effect=\u00bbyes\u00bb skewed_section_effect_top=\u00bbyes\u00bb skewed_section_effect_bottom=\u00bbyes\u00bb row_background_text_vertical_align=\u00bbtop\u00bb css=\u00bb.vc_custom_1632388239345{margin-top: 0px !important;padding-top: 0px !important;padding-bottom: 132px !important;background-color: #f9f9f9 !important;}\u00bb row_background_text_1=\u00bbValores\u00bb row_background_text_size=\u00bb180px\u00bb row_background_text_color=\u00bbrgba(202,223,141,0.18)\u00bb row_background_text_padding_top=\u00bb50px\u00bb row_background_text_padding_left=\u00bb115px\u00bb][vc_column offset=\u00bbvc_col-lg-12 vc_col-md-12&#8243; css=\u00bb.vc_custom_1632388438472{margin-top: 0px !important;padding-top: 0px !important;}\u00bb]<div class=\"qodef-process-holder  qodef-three-columns qodef-responsive-680 wave-process\">\n\t<div class=\"qodef-mark-horizontal-holder\">\n                    <div class=\"qodef-process-mark\">\n                <div class=\"qodef-process-line\"><\/div>\n                <div class=\"qodef-process-circle\">1<\/div>\n            <\/div>\n                    <div class=\"qodef-process-mark\">\n                <div class=\"qodef-process-line\"><\/div>\n                <div class=\"qodef-process-circle\">2<\/div>\n            <\/div>\n                    <div class=\"qodef-process-mark\">\n                <div class=\"qodef-process-line\"><\/div>\n                <div class=\"qodef-process-circle\">3<\/div>\n            <\/div>\n            <\/div>\n\t<div class=\"qodef-process-inner  qodef-container-inner\">\n\t\t<div class=\"qodef-process-item outset-shadow \"  style=\"margin-top: 0px\">\n\n    <div class=\"qodef-process-item-icon\">\n                    <div class=\"qodef-process-icon-circle\" style=\"background-color: #3eb1c8;width: 150px;height: 150px\" >\n                <img loading=\"lazy\" decoding=\"async\" width=\"100\" height=\"100\" src=\"https:\/\/www.recursosimpulsa.com\/web_nueva\/wp-content\/uploads\/2021\/09\/icon01.png\" class=\"attachment-full size-full\" alt=\"\" \/>            <\/div>\n            <\/div>\n\n\t<div class=\"qodef-pi-content\"  data-circle-color=\"\" style=\"margin-top: 30px\" >\n\t\t\t\t\t<h4 class=\"qodef-pi-title\" style=\"color: #3eb1c8\">Actitud Positiva<\/h4>\n\t\t\t\t\t\t\t<p class=\"qodef-pi-text\"  style=\"color: #4d4d4d;margin-top: 0px\">Actitud positiva, actitud constructiva.<\/p>\n\t\t\t<\/div>\n<\/div><div class=\"qodef-process-item outset-shadow \"  >\n\n    <div class=\"qodef-process-item-icon\">\n                    <div class=\"qodef-process-icon-circle\" style=\"background-color: #3eb1c8;width: 150px;height: 150px\" >\n                <img loading=\"lazy\" decoding=\"async\" width=\"100\" height=\"100\" src=\"https:\/\/www.recursosimpulsa.com\/web_nueva\/wp-content\/uploads\/2021\/09\/icon02.png\" class=\"attachment-full size-full\" alt=\"\" \/>            <\/div>\n            <\/div>\n\n\t<div class=\"qodef-pi-content\"  data-circle-color=\"\" style=\"margin-top: 30px\" >\n\t\t\t\t\t<h4 class=\"qodef-pi-title\" style=\"color: #3eb1c8\">\u00c9tica Profesional<\/h4>\n\t\t\t\t\t\t\t<p class=\"qodef-pi-text\"  style=\"color: #4d4d4d;margin-top: 0px\">Reconocer los derechos de las personas y valorar las cualidades de los dem\u00e1s, por encima de otras consideraciones.<\/p>\n\t\t\t<\/div>\n<\/div><div class=\"qodef-process-item outset-shadow \"  >\n\n    <div class=\"qodef-process-item-icon\">\n                    <div class=\"qodef-process-icon-circle\" style=\"background-color: #3eb1c8;width: 150px;height: 150px\" >\n                <img loading=\"lazy\" decoding=\"async\" width=\"100\" height=\"100\" src=\"https:\/\/www.recursosimpulsa.com\/web_nueva\/wp-content\/uploads\/2021\/09\/icon03.png\" class=\"attachment-full size-full\" alt=\"\" \/>            <\/div>\n            <\/div>\n\n\t<div class=\"qodef-pi-content\"  data-circle-color=\"\" style=\"margin-top: 30px\" >\n\t\t\t\t\t<h4 class=\"qodef-pi-title\" style=\"color: #3eb1c8\">Creatividad e Innovaci\u00f3n<\/h4>\n\t\t\t\t\t\t\t<p class=\"qodef-pi-text\"  style=\"color: #4d4d4d;margin-top: 0px\">Desarrollo de ideas y soluciones que ayuden a alcanzar los objetivos profesionales de nuestros clientes, logrando ser m\u00e1s competitivos.<\/p>\n\t\t\t<\/div>\n<\/div>\t<\/div>\n<\/div>\n\n\n    <svg class=\"qodef-process-wave-line\" x=\"0px\" y=\"0px\" viewBox=\"0 0 1920 240\"\n         enable-background=\"new 0 0 1920 240\">\n        <g opacity=\"0.75\">\n            <path class=\"qodef-process-wave\" fill=\"none\" stroke=\"#939597\" stroke-width=\"0.5\" stroke-miterlimit=\"10\" d=\"M-35.786,245\n        C319.124,184.158,738.255-35.548,929.23,13.464s447.862,185.905,682.778,180.835c234.916-5.07,381.95-138.584,449.552-143.654\"\/>\n            <path class=\"qodef-process-wave\" fill=\"none\" stroke=\"#939597\" stroke-width=\"0.5\" stroke-miterlimit=\"10\" d=\"M-45.926,140.217\n        c277.167,42.251,608.416-62.532,642.217-69.292c33.801-6.76,165.624-62.532,294.068-55.772s331.249,72.672,375.19,84.502\n        s285.618,74.362,392.091,52.391C1747.276,133.551,1846.493,1.265,1920-43.136c13.808-8.341,26.708-13.58,38.468-14.382\"\/>\n            <path class=\"qodef-process-wave\" fill=\"none\" stroke=\"#939597\" stroke-width=\"0.5\" stroke-miterlimit=\"10\" d=\"M-20.575,158.808\n        c152.104,10.14,468.143-30.421,586.446-65.912S1028,4.1,1167.527,48.955c72.973,23.459,260.267,141.964,338.009,148.724\n        c77.742,6.76,361.67,8.45,424.202-59.152\"\/>\n        <\/g>\n    <\/svg>\n\n[vc_empty_space]<div class=\"qodef-process-holder  qodef-two-columns qodef-responsive-680 wave-process\">\n\t<div class=\"qodef-mark-horizontal-holder\">\n                    <div class=\"qodef-process-mark\">\n                <div class=\"qodef-process-line\"><\/div>\n                <div class=\"qodef-process-circle\">1<\/div>\n            <\/div>\n                    <div class=\"qodef-process-mark\">\n                <div class=\"qodef-process-line\"><\/div>\n                <div class=\"qodef-process-circle\">2<\/div>\n            <\/div>\n            <\/div>\n\t<div class=\"qodef-process-inner  qodef-container-inner\">\n\t\t<div class=\"qodef-process-item outset-shadow \"  >\n\n    <div class=\"qodef-process-item-icon\">\n                    <div class=\"qodef-process-icon-circle\" style=\"background-color: #3eb1c8;width: 150px;height: 150px\" >\n                <img loading=\"lazy\" decoding=\"async\" width=\"100\" height=\"100\" src=\"https:\/\/www.recursosimpulsa.com\/web_nueva\/wp-content\/uploads\/2021\/09\/icon04.png\" class=\"attachment-full size-full\" alt=\"\" \/>            <\/div>\n            <\/div>\n\n\t<div class=\"qodef-pi-content\"  data-circle-color=\"\" style=\"margin-top: 30px\" >\n\t\t\t\t\t<h4 class=\"qodef-pi-title\" style=\"color: #3eb1c8\">Garant\u00eda de Calidad<\/h4>\n\t\t\t\t\t\t\t<p class=\"qodef-pi-text\"  style=\"color: #4d4d4d;margin-top: 0px\">Satisfacci\u00f3n de nuestros clientes, mediante accesibilidad y atenci\u00f3n personalizada.<\/p>\n\t\t\t<\/div>\n<\/div><div class=\"qodef-process-item outset-shadow \"  >\n\n    <div class=\"qodef-process-item-icon\">\n                    <div class=\"qodef-process-icon-circle\" style=\"background-color: #3eb1c8;width: 150px;height: 150px\" >\n                <img loading=\"lazy\" decoding=\"async\" width=\"100\" height=\"100\" src=\"https:\/\/www.recursosimpulsa.com\/web_nueva\/wp-content\/uploads\/2021\/09\/icon05.png\" class=\"attachment-full size-full\" alt=\"\" \/>            <\/div>\n            <\/div>\n\n\t<div class=\"qodef-pi-content\"  data-circle-color=\"\" style=\"margin-top: 30px\" >\n\t\t\t\t\t<h4 class=\"qodef-pi-title\" style=\"color: #3eb1c8\">Eficacia<\/h4>\n\t\t\t\t\t\t\t<p class=\"qodef-pi-text\"  style=\"color: #4d4d4d;margin-top: 0px\">Ahorrando tiempo y gestiones administrativas a nuestros clientes.<\/p>\n\t\t\t<\/div>\n<\/div>\t<\/div>\n<\/div>\n\n\n    <svg class=\"qodef-process-wave-line\" x=\"0px\" y=\"0px\" viewBox=\"0 0 1920 240\"\n         enable-background=\"new 0 0 1920 240\">\n        <g opacity=\"0.75\">\n            <path class=\"qodef-process-wave\" fill=\"none\" stroke=\"#939597\" stroke-width=\"0.5\" stroke-miterlimit=\"10\" d=\"M-35.786,245\n        C319.124,184.158,738.255-35.548,929.23,13.464s447.862,185.905,682.778,180.835c234.916-5.07,381.95-138.584,449.552-143.654\"\/>\n            <path class=\"qodef-process-wave\" fill=\"none\" stroke=\"#939597\" stroke-width=\"0.5\" stroke-miterlimit=\"10\" d=\"M-45.926,140.217\n        c277.167,42.251,608.416-62.532,642.217-69.292c33.801-6.76,165.624-62.532,294.068-55.772s331.249,72.672,375.19,84.502\n        s285.618,74.362,392.091,52.391C1747.276,133.551,1846.493,1.265,1920-43.136c13.808-8.341,26.708-13.58,38.468-14.382\"\/>\n            <path class=\"qodef-process-wave\" fill=\"none\" stroke=\"#939597\" stroke-width=\"0.5\" stroke-miterlimit=\"10\" d=\"M-20.575,158.808\n        c152.104,10.14,468.143-30.421,586.446-65.912S1028,4.1,1167.527,48.955c72.973,23.459,260.267,141.964,338.009,148.724\n        c77.742,6.76,361.67,8.45,424.202-59.152\"\/>\n        <\/g>\n    <\/svg>\n\n[\/vc_column][\/vc_row][vc_row row_content_width=\u00bbgrid\u00bb css=\u00bb.vc_custom_1632386521712{padding-top: 0px !important;padding-bottom: 60px !important;background-color: #ffffff !important;}\u00bb][vc_column css_animation=\u00bbfadeIn\u00bb width=\u00bb2\/3&#8243;]<div class=\"qodef-section-title-holder  qodef-st-standard qodef-st-title-left qodef-st-normal-space \" >\n\t<div class=\"qodef-st-inner\">\n\t\t            <h5 class=\"qodef-st-subtitle\" style=\"color: #3eb1c8;font-size: 16px;font-style: normal;margin: 0 0 15px 0\">\n                CONS\u00daLTANOS            <\/h5>\n        \t\t\t\t\t<h2 class=\"qodef-st-title\" style=\"color: #4d4d4d\">\n\t\t\t\t\u00bfPodemos <span class=\"qodef-st-title-colored\">ayudarte?<\/span>\t\t\t<\/h2>\n\t\t\t\t\t\t\t<p class=\"qodef-st-text\" >\n\t\t\t\tNo dudes en contactar con nosotros para cualquier duda, estaremos encantados de ayudarte.\t\t\t<\/p>\n\t\t\t<\/div>\n<\/div>[\/vc_column][vc_column css_animation=\u00bbfadeInDown\u00bb width=\u00bb1\/3&#8243;][vc_empty_space]<a itemprop=\"url\" href=\"\/web_nueva\/contacto\" target=\"_self\" style=\"color: #ffffff;background-color: #a8c049;border-color: #a8c049;font-size: 18px;font-weight: 400;text-transform: uppercase;margin: 0 auto\" class=\"qodef-btn qodef-btn-large qodef-btn-solid qodef-btn-custom-hover-bg qodef-btn-custom-border-hover qodef-btn-custom-hover-color qodef-dark-btn\" data-hover-color=\"#ffffff\" data-hover-bg-color=\"#4d4d4d\" data-hover-border-color=\"#4d4d4d\" >\n    <span class=\"qodef-btn-text\">CONTACTAR<\/span>\n    <\/a>[\/vc_column][\/vc_row]<\/p>\n","protected":false},"excerpt":{"rendered":"<p>[vc_row enable_skewed_section_effect=\u00bbyes\u00bb skewed_section_effect_top=\u00bbyes\u00bb skewed_section_effect_bottom=\u00bbyes\u00bb row_background_text_align=\u00bbright\u00bb row_background_text_vertical_align=\u00bbtop\u00bb css=\u00bb.vc_custom_1632904964494{padding-top: 60px !important;padding-bottom: 60px !important;background-position: 0 0 !important;background-repeat: no-repeat !important;}\u00bb row_background_text_1=\u00bbCon\u00f3cenos\u00bb row_background_text_size=\u00bb180px\u00bb row_background_text_color=\u00bbrgba(202,223,141,0.18)\u00bb row_background_text_padding_right=\u00bb90px\u00bb row_background_text_padding_top=\u00bb90px\u00bb][vc_column css=\u00bb.vc_custom_1632388073369{padding-top: 0px !important;}\u00bb][\/vc_column][\/vc_row][vc_row css=\u00bb.vc_custom_1632388179694{margin-bottom: 0px !important;padding-top: 30px !important;padding-bottom: 0px !important;background-color: #f9f9f9 !important;}\u00bb][vc_column offset=\u00bbvc_col-lg-12 vc_col-md-12&#8243;][vc_empty_space height=\u00bb30&#8243;][\/vc_column][\/vc_row][vc_row content_text_aligment=\u00bbcenter\u00bb enable_skewed_section_effect=\u00bbyes\u00bb skewed_section_effect_top=\u00bbyes\u00bb skewed_section_effect_bottom=\u00bbyes\u00bb [&hellip;]<\/p>\n","protected":false},"author":1,"featured_media":0,"parent":0,"menu_order":0,"comment_status":"closed","ping_status":"closed","template":"full-width.php","meta":{"footnotes":""},"class_list":["post-5557","page","type-page","status-publish","hentry"],"_links":{"self":[{"href":"https:\/\/www.recursosimpulsa.com\/web_nueva\/wp-json\/wp\/v2\/pages\/5557","targetHints":{"allow":["GET"]}}],"collection":[{"href":"https:\/\/www.recursosimpulsa.com\/web_nueva\/wp-json\/wp\/v2\/pages"}],"about":[{"href":"https:\/\/www.recursosimpulsa.com\/web_nueva\/wp-json\/wp\/v2\/types\/page"}],"author":[{"embeddable":true,"href":"https:\/\/www.recursosimpulsa.com\/web_nueva\/wp-json\/wp\/v2\/users\/1"}],"replies":[{"embeddable":true,"href":"https:\/\/www.recursosimpulsa.com\/web_nueva\/wp-json\/wp\/v2\/comments?post=5557"}],"version-history":[{"count":89,"href":"https:\/\/www.recursosimpulsa.com\/web_nueva\/wp-json\/wp\/v2\/pages\/5557\/revisions"}],"predecessor-version":[{"id":6118,"href":"https:\/\/www.recursosimpulsa.com\/web_nueva\/wp-json\/wp\/v2\/pages\/5557\/revisions\/6118"}],"wp:attachment":[{"href":"https:\/\/www.recursosimpulsa.com\/web_nueva\/wp-json\/wp\/v2\/media?parent=5557"}],"curies":[{"name":"wp","href":"https:\/\/api.w.org\/{rel}","templated":true}]}}