{"id":5527,"date":"2021-09-22T06:44:53","date_gmt":"2021-09-22T06:44:53","guid":{"rendered":"https:\/\/www.recursosimpulsa.com\/web_nueva\/?page_id=5527"},"modified":"2022-01-03T09:39:01","modified_gmt":"2022-01-03T09:39:01","slug":"contacto","status":"publish","type":"page","link":"https:\/\/www.recursosimpulsa.com\/web_nueva\/contacto\/","title":{"rendered":"Contacto"},"content":{"rendered":"<p>[vc_row][vc_column][vc_raw_html]JTNDaWZyYW1lJTIwc3JjJTNEJTIyaHR0cHMlM0ElMkYlMkZ3d3cuZ29vZ2xlLmNvbSUyRm1hcHMlMkZlbWJlZCUzRnBiJTNEJTIxMW0xOCUyMTFtMTIlMjExbTMlMjExZDMxNzEuMzQ2NTQ5MDQzNjg5JTIxMmQtNi4wNTM4NTI3ODQzNTYwMTMlMjEzZDM3LjM1Nzk3NjE0MzgwMTczNiUyMTJtMyUyMTFmMCUyMTJmMCUyMTNmMCUyMTNtMiUyMTFpMTAyNCUyMTJpNzY4JTIxNGYxMy4xJTIxM20zJTIxMW0yJTIxMXMweGQxMjZkNzk3MzJmMjEyYiUyNTNBMHhhN2VmZTE3MDAwZmU2NzU2JTIxMnNJbXB1bHNhJTI1MjBEb2NlbnRlJTI1MkNTLkMuJTIxNWUwJTIxM20yJTIxMXNlcyUyMTJzZXMlMjE0djE2MzIyOTMxNjM1NjMlMjE1bTIlMjExc2VzJTIxMnNlcyUyMiUyMGhlaWdodCUzRCUyMjQ1MCUyMiUyMHN0eWxlJTNEJTIyd2lkdGglM0ExMDAlMjUlM0Jib3JkZXIlM0EwJTNCJTIyJTIwYWxsb3dmdWxsc2NyZWVuJTNEJTIyJTIyJTIwbG9hZGluZyUzRCUyMmxhenklMjIlM0UlM0MlMkZpZnJhbWUlM0U=[\/vc_raw_html][\/vc_column][\/vc_row][vc_row row_content_width=\u00bbgrid\u00bb css=\u00bb.vc_custom_1632294583370{padding-top: 90px !important;padding-bottom: 90px !important;}\u00bb][vc_column width=\u00bb11\/12&#8243; offset=\u00bbvc_col-lg-5 vc_col-md-6 vc_col-xs-12&#8243;]<div class=\"qodef-section-title-holder  qodef-st-standard qodef-st-title-left qodef-st-normal-space qodef-st-disable-title-break\" >\n\t<div class=\"qodef-st-inner\">\n\t\t\t\t\t\t\t<h2 class=\"qodef-st-title\" style=\"color: #4d4d4d;font-weight: 700\">\n\t\t\t\t<span class=\"qodef-st-title-bold\">Contacta<\/span><br \/> <span class=\"qodef-st-title-colored\">con<\/span> <span class=\"qodef-st-title-colored\">nosotros<\/span>\t\t\t<\/h2>\n\t\t\t\t\t\t\t<p class=\"qodef-st-text\" >\n\t\t\t\tSi deseas obtener m\u00e1s informaci\u00f3n sobre nuestros servicios, contacta con nosotros:\t\t\t<\/p>\n\t\t\t<\/div>\n<\/div><div class=\"qodef-iwt clearfix  qodef-iwt-icon-left qodef-iwt-icon-tiny \">\n\n            <div class=\"qodef-iwt-icon\">\n                            <a itemprop=\"url\" href=\"https:\/\/www.google.es\/maps\/place\/Impulsa+Docente,S.C.\/@37.3579761,-6.0538528,17z\/data=!3m1!4b1!4m5!3m4!1s0xd126d79732f212b:0xa7efe17000fe6756!8m2!3d37.3579719!4d-6.0516641\" target=\"_blank\">\n                                                    <span class=\"qodef-icon-shortcode qodef-normal   qodef-icon-tiny\"  data-hover-color=\"#4d4d4d\" data-color=\"#a8c049\">\n                    <i class=\"qodef-icon-dripicons dripicon dripicons-location qodef-icon-element\" style=\"color: #a8c049;font-size:15px\" ><\/i>            <\/span>\n                                            <\/a>\n                    <\/div>\n        <div class=\"qodef-iwt-content\" style=\"padding-left: 20px\">\n                            <p class=\"qodef-iwt-title\">\n                                            <a itemprop=\"url\" href=\"https:\/\/www.google.es\/maps\/place\/Impulsa+Docente,S.C.\/@37.3579761,-6.0538528,17z\/data=!3m1!4b1!4m5!3m4!1s0xd126d79732f212b:0xa7efe17000fe6756!8m2!3d37.3579719!4d-6.0516641\" target=\"_blank\"  style=\"color: #666666;margin-top: 7px\">\n                                        <span class=\"qodef-iwt-title-text\">Nobel 5, 1\u00ba 2\u00aa, 41927 Mairena del Aljarafe, Sevilla<\/span>\n                                            <\/a>\n                                    <\/p>\n                                <\/div>\n    \n\n\n<\/div><div class=\"qodef-iwt clearfix  qodef-iwt-icon-left qodef-iwt-icon-tiny \">\n\n            <div class=\"qodef-iwt-icon\">\n                                                    <span class=\"qodef-icon-shortcode qodef-normal   qodef-icon-tiny\"  data-hover-color=\"#4d4d4d\" data-color=\"#a8c049\">\n                    <i class=\"qodef-icon-dripicons dripicon dripicons-phone qodef-icon-element\" style=\"color: #a8c049;font-size:15px\" ><\/i>            <\/span>\n                                    <\/div>\n        <div class=\"qodef-iwt-content\" style=\"padding-left: 20px\">\n                                        <p class=\"qodef-iwt-text\" style=\"margin-top: 0px\">955 29 61 83 \/ 609 75 39 34 <\/p>\n                    <\/div>\n    \n\n\n<\/div><div class=\"qodef-iwt clearfix  qodef-iwt-icon-left qodef-iwt-icon-tiny \">\n\n            <div class=\"qodef-iwt-icon\">\n                                                    <span class=\"qodef-icon-shortcode qodef-normal   qodef-icon-tiny\"  data-hover-color=\"#4d4d4d\" data-color=\"#a8c049\">\n                    <i class=\"qodef-icon-font-awesome fab fa-whatsapp qodef-icon-element\" style=\"color: #a8c049;font-size:15px\" ><\/i>            <\/span>\n                                    <\/div>\n        <div class=\"qodef-iwt-content\" style=\"padding-left: 20px\">\n                                        <p class=\"qodef-iwt-text\" style=\"margin-top: 0px\">640 712 367<\/p>\n                    <\/div>\n    \n\n\n<\/div><div class=\"qodef-iwt clearfix  qodef-iwt-icon-left qodef-iwt-icon-tiny \">\n\n            <div class=\"qodef-iwt-icon\">\n                            <a itemprop=\"url\" href=\"mailto:info@recursosimpulsa.com\" target=\"_self\">\n                                                    <span class=\"qodef-icon-shortcode qodef-normal   qodef-icon-tiny\"  data-hover-color=\"#4d4d4d\" data-color=\"#a8c049\">\n                    <i class=\"qodef-icon-dripicons dripicon dripicons-mail qodef-icon-element\" style=\"color: #a8c049;font-size:15px\" ><\/i>            <\/span>\n                                            <\/a>\n                    <\/div>\n        <div class=\"qodef-iwt-content\" style=\"padding-left: 20px\">\n                                        <p class=\"qodef-iwt-text\" style=\"margin-top: 0px\">info@recursosimpulsa.com<\/p>\n                    <\/div>\n    \n\n\n<\/div>[vc_row_inner css=\u00bb.vc_custom_1543825920362{padding-top: 32px !important;padding-bottom: 50px !important;}\u00bb][vc_column_inner]    <span class=\"qodef-icon-shortcode qodef-circle   \" style=\"margin: 0 9px 0 0;width: 35px;height: 35px;line-height: 35px;background-color: #eff0f3\" data-hover-background-color=\"#4d4d4d\" data-hover-color=\"#eff0f3\" data-color=\"#3eb1c8\">\n                    <a itemprop=\"url\" class=\"\" href=\"http:\/\/www.facebook.com\/impulsadocente\" target=\"_blank\">\n                    <i class=\"qodef-icon-font-awesome fab fa-facebook-f qodef-icon-element\" style=\"color: #3eb1c8;font-size:15px\" ><\/i>                    <\/a>\n            <\/span>\n    <span class=\"qodef-icon-shortcode qodef-circle   \" style=\"margin: 0 9px 0 0;width: 35px;height: 35px;line-height: 35px;background-color: #eff0f3\" data-hover-background-color=\"#4d4d4d\" data-hover-color=\"#eff0f3\" data-color=\"#3eb1c8\">\n                    <a itemprop=\"url\" class=\"\" href=\"http:\/\/www.twitter.com\/impulsadocente\" target=\"_blank\">\n                    <i class=\"qodef-icon-font-awesome fab fa-twitter qodef-icon-element\" style=\"color: #3eb1c8;font-size:15px\" ><\/i>                    <\/a>\n            <\/span>\n    <span class=\"qodef-icon-shortcode qodef-circle   \" style=\"width: 35px;height: 35px;line-height: 35px;background-color: #eff0f3\" data-hover-background-color=\"#4d4d4d\" data-hover-color=\"#eff0f3\" data-color=\"#3eb1c8\">\n                    <a itemprop=\"url\" class=\"\" href=\"https:\/\/www.linkedin.com\/company\/activa-docente?trk=ppro_cprof\" target=\"_blank\">\n                    <i class=\"qodef-icon-font-awesome fab fa-instagram qodef-icon-element\" style=\"color: #3eb1c8;font-size:15px\" ><\/i>                    <\/a>\n            <\/span>\n[\/vc_column_inner][\/vc_row_inner][\/vc_column][vc_column offset=\u00bbvc_col-lg-offset-1 vc_col-lg-6 vc_col-md-6&#8243; css=\u00bb.vc_custom_1543826242604{padding-top: 2px !important;}\u00bb]<div role=\"form\" class=\"wpcf7\" id=\"wpcf7-f2454-o1\" lang=\"en-US\" dir=\"ltr\">\n<div class=\"screen-reader-response\"><p role=\"status\" aria-live=\"polite\" aria-atomic=\"true\"><\/p> <ul><\/ul><\/div>\n<form action=\"\/web_nueva\/wp-json\/wp\/v2\/pages\/5527#wpcf7-f2454-o1\" method=\"post\" class=\"wpcf7-form init cf7_custom_style_2\" novalidate=\"novalidate\" data-status=\"init\">\n<div style=\"display: none;\">\n<input type=\"hidden\" name=\"_wpcf7\" value=\"2454\" \/>\n<input type=\"hidden\" name=\"_wpcf7_version\" value=\"5.5.2\" \/>\n<input type=\"hidden\" name=\"_wpcf7_locale\" value=\"en_US\" \/>\n<input type=\"hidden\" name=\"_wpcf7_unit_tag\" value=\"wpcf7-f2454-o1\" \/>\n<input type=\"hidden\" name=\"_wpcf7_container_post\" value=\"0\" \/>\n<input type=\"hidden\" name=\"_wpcf7_posted_data_hash\" value=\"\" \/>\n<input type=\"hidden\" name=\"_wpcf7_recaptcha_response\" value=\"\" \/>\n<\/div>\n<div class=\"qodef-grid-row qodef-grid-normal-gutter\">\n<div class=\"qodef-grid-col-12\">\n <span class=\"wpcf7-form-control-wrap your-name\"><input type=\"text\" name=\"your-name\" value=\"\" size=\"40\" class=\"wpcf7-form-control wpcf7-text wpcf7-validates-as-required\" aria-required=\"true\" aria-invalid=\"false\" placeholder=\"Nombre\" \/><\/span>\n<\/div>\n<div class=\"qodef-grid-col-6\">\n<span class=\"wpcf7-form-control-wrap telyour-phone\"><input type=\"tel\" name=\"telyour-phone\" value=\"\" size=\"40\" class=\"wpcf7-form-control wpcf7-text wpcf7-tel wpcf7-validates-as-required wpcf7-validates-as-tel\" aria-required=\"true\" aria-invalid=\"false\" placeholder=\"Tel\u00e9fono\" \/><\/span>\n<\/div>\n<div class=\"qodef-grid-col-6\">\n <span class=\"wpcf7-form-control-wrap your-email\"><input type=\"email\" name=\"your-email\" value=\"\" size=\"40\" class=\"wpcf7-form-control wpcf7-text wpcf7-email wpcf7-validates-as-required wpcf7-validates-as-email\" aria-required=\"true\" aria-invalid=\"false\" placeholder=\"Email\" \/><\/span>\n<\/div>\n<div class=\"qodef-grid-col-12\">\n <span class=\"wpcf7-form-control-wrap text-asunto\"><input type=\"text\" name=\"text-asunto\" value=\"\" size=\"40\" class=\"wpcf7-form-control wpcf7-text\" aria-invalid=\"false\" placeholder=\"Asunto\" \/><\/span>\n<\/div>\n<\/div>\n<p><span class=\"wpcf7-form-control-wrap your-message\"><textarea name=\"your-message\" cols=\"40\" rows=\"10\" class=\"wpcf7-form-control wpcf7-textarea\" aria-invalid=\"false\" placeholder=\"Mensaje\"><\/textarea><\/span><\/p>\n<div class=\"\">\n<p style=\"font-size:12px;color:black;line-height:20px;text-align:justify;\"><strong>Protecci\u00f3n de datos personales<\/strong><\/p>\n<p style=\"font-size:12px;color:black;line-height:16px;text-align:justify;\">Utilizaremos sus datos para responder consultas, enviar comunicaciones comerciales y realizar an\u00e1lisis estad\u00edsticos. Para m\u00e1s informaci\u00f3n sobre el tratamiento y sus derechos, consulte la <a href=\"\/web_nueva\/politica-privacidad\/\" target=\"_blank\" style=\"text-decoration:underline;\">pol\u00edtica de privacidad<\/a><\/p>\n<p style=\"font-size:12px;color:black;line-height:16px;margin:15px 0;text-align:justify;\"><span class=\"wpcf7-form-control-wrap acceptance-817\"><span class=\"wpcf7-form-control wpcf7-acceptance\"><span class=\"wpcf7-list-item\"><input type=\"checkbox\" name=\"acceptance-817\" value=\"1\" aria-invalid=\"false\" \/><\/span><\/span><\/span> Acepto el tratamiento de datos para enviar comunicaciones comerciales.<\/p>\n<p><button type=\"submit\" class=\"wpcf7-form-control wpcf7-submit qodef-light-shadow qodef-btn qodef-btn-medium qodef-btn-solid\"><span class=\"qodef-btn-text\">Enviar<\/span><\/button><\/p>\n<\/div>\n<p style=\"display: none !important;\"><label>&#916;<textarea name=\"_wpcf7_ak_hp_textarea\" cols=\"45\" rows=\"8\" maxlength=\"100\"><\/textarea><\/label><input type=\"hidden\" id=\"ak_js\" name=\"_wpcf7_ak_js\" value=\"189\"\/><script>document.getElementById( \"ak_js\" ).setAttribute( \"value\", ( new Date() ).getTime() );<\/script><\/p><div class=\"wpcf7-response-output\" aria-hidden=\"true\"><\/div><\/form><\/div>[\/vc_column][\/vc_row]<\/p>\n","protected":false},"excerpt":{"rendered":"<p>[vc_row][vc_column][vc_raw_html]JTNDaWZyYW1lJTIwc3JjJTNEJTIyaHR0cHMlM0ElMkYlMkZ3d3cuZ29vZ2xlLmNvbSUyRm1hcHMlMkZlbWJlZCUzRnBiJTNEJTIxMW0xOCUyMTFtMTIlMjExbTMlMjExZDMxNzEuMzQ2NTQ5MDQzNjg5JTIxMmQtNi4wNTM4NTI3ODQzNTYwMTMlMjEzZDM3LjM1Nzk3NjE0MzgwMTczNiUyMTJtMyUyMTFmMCUyMTJmMCUyMTNmMCUyMTNtMiUyMTFpMTAyNCUyMTJpNzY4JTIxNGYxMy4xJTIxM20zJTIxMW0yJTIxMXMweGQxMjZkNzk3MzJmMjEyYiUyNTNBMHhhN2VmZTE3MDAwZmU2NzU2JTIxMnNJbXB1bHNhJTI1MjBEb2NlbnRlJTI1MkNTLkMuJTIxNWUwJTIxM20yJTIxMXNlcyUyMTJzZXMlMjE0djE2MzIyOTMxNjM1NjMlMjE1bTIlMjExc2VzJTIxMnNlcyUyMiUyMGhlaWdodCUzRCUyMjQ1MCUyMiUyMHN0eWxlJTNEJTIyd2lkdGglM0ExMDAlMjUlM0Jib3JkZXIlM0EwJTNCJTIyJTIwYWxsb3dmdWxsc2NyZWVuJTNEJTIyJTIyJTIwbG9hZGluZyUzRCUyMmxhenklMjIlM0UlM0MlMkZpZnJhbWUlM0U=[\/vc_raw_html][\/vc_column][\/vc_row][vc_row row_content_width=\u00bbgrid\u00bb css=\u00bb.vc_custom_1632294583370{padding-top: 90px !important;padding-bottom: 90px !important;}\u00bb][vc_column width=\u00bb11\/12&#8243; offset=\u00bbvc_col-lg-5 vc_col-md-6 vc_col-xs-12&#8243;][vc_row_inner css=\u00bb.vc_custom_1543825920362{padding-top: 32px !important;padding-bottom: 50px !important;}\u00bb][vc_column_inner][\/vc_column_inner][\/vc_row_inner][\/vc_column][vc_column offset=\u00bbvc_col-lg-offset-1 vc_col-lg-6 vc_col-md-6&#8243; css=\u00bb.vc_custom_1543826242604{padding-top: 2px !important;}\u00bb][\/vc_column][\/vc_row]<\/p>\n","protected":false},"author":1,"featured_media":0,"parent":0,"menu_order":0,"comment_status":"closed","ping_status":"closed","template":"full-width.php","meta":{"footnotes":""},"class_list":["post-5527","page","type-page","status-publish","hentry"],"_links":{"self":[{"href":"https:\/\/www.recursosimpulsa.com\/web_nueva\/wp-json\/wp\/v2\/pages\/5527","targetHints":{"allow":["GET"]}}],"collection":[{"href":"https:\/\/www.recursosimpulsa.com\/web_nueva\/wp-json\/wp\/v2\/pages"}],"about":[{"href":"https:\/\/www.recursosimpulsa.com\/web_nueva\/wp-json\/wp\/v2\/types\/page"}],"author":[{"embeddable":true,"href":"https:\/\/www.recursosimpulsa.com\/web_nueva\/wp-json\/wp\/v2\/users\/1"}],"replies":[{"embeddable":true,"href":"https:\/\/www.recursosimpulsa.com\/web_nueva\/wp-json\/wp\/v2\/comments?post=5527"}],"version-history":[{"count":24,"href":"https:\/\/www.recursosimpulsa.com\/web_nueva\/wp-json\/wp\/v2\/pages\/5527\/revisions"}],"predecessor-version":[{"id":6111,"href":"https:\/\/www.recursosimpulsa.com\/web_nueva\/wp-json\/wp\/v2\/pages\/5527\/revisions\/6111"}],"wp:attachment":[{"href":"https:\/\/www.recursosimpulsa.com\/web_nueva\/wp-json\/wp\/v2\/media?parent=5527"}],"curies":[{"name":"wp","href":"https:\/\/api.w.org\/{rel}","templated":true}]}}