{"id":5365,"date":"2021-09-21T06:49:09","date_gmt":"2021-09-21T06:49:09","guid":{"rendered":"https:\/\/www.recursosimpulsa.com\/web_nueva\/?page_id=5365"},"modified":"2022-02-21T10:56:13","modified_gmt":"2022-02-21T10:56:13","slug":"servicios","status":"publish","type":"page","link":"https:\/\/www.recursosimpulsa.com\/web_nueva\/servicios\/","title":{"rendered":"Servicios"},"content":{"rendered":"<p>[vc_row row_content_width=\u00bbgrid\u00bb enable_skewed_section_effect=\u00bbyes\u00bb skewed_section_effect_top=\u00bbyes\u00bb row_background_text_align=\u00bbleft\u00bb row_background_text_vertical_align=\u00bbtop\u00bb row_background_text_1=\u00bb1&#8243; row_background_text_size=\u00bb22em\u00bb row_background_text_color=\u00bbrgba(221,221,221,0.38)\u00bb row_background_text_padding_top=\u00bb0&#8243; row_background_text_padding_left=\u00bb0&#8243;][vc_column]<div class=\"qodef-elements-holder   qodef-two-columns  qodef-responsive-mode-1024   \" ><div class=\"qodef-eh-item    \"  data-item-class=\"qodef-eh-custom-9724\" data-1367-1600=\"60px 0 60px 0\" data-1025-1366=\"60px 74px 60px 0\" data-769-1024=\"60px 30% 0px 0\" data-681-768=\"60px 83px 0px 0\" data-680=\"60px 8% 0 0\">\n\t<div class=\"qodef-eh-item-inner\">\n\t\t<div class=\"qodef-eh-item-content qodef-eh-custom-9724\" style=\"padding: 80px 0px 60px 0\">\n\t\t\t<div class=\"qodef-section-title-holder  qodef-st-standard qodef-st-title-left qodef-st-normal-space qodef-st-disable-title-break\" >\n\t<div class=\"qodef-st-inner\">\n\t\t\t\t\t\t\t<h3 class=\"qodef-st-title\" style=\"color: #4d4d4d;font-size: 26px;font-weight: 700\">\n\t\t\t\tSelecci\u00f3n de <span class=\"qodef-st-title-colored\">Recursos<\/span> <span class=\"qodef-st-title-colored\">Humanos<\/span> para el sector de <span class=\"qodef-st-title-colored\">la<\/span> Formaci\u00f3n\t\t\t<\/h3>\n\t\t\t\t\t<\/div>\n<\/div>[vc_empty_space height=\u00bb26px\u00bb][vc_row_inner css=\u00bb.vc_custom_1641199767454{padding-top: 2px !important;}\u00bb][vc_column_inner]<div class=\"qodef-icon-list-holder qodef-normal \" style=\"margin-bottom: 12px\">\n\t<div class=\"qodef-il-icon-holder\">\n\t\t<i class=\"qodef-icon-dripicons dripicon dripicons-checkmark \" style=\"color: #595959\"><\/i>\t<\/div>\n\t<p class=\"qodef-il-text\" >Selecci\u00f3n y Gesti\u00f3n Administrativa de tutores\/as (On line) y Aula Virtual (videoconferencias)<\/p>\n<\/div><div class=\"qodef-icon-list-holder qodef-normal \" style=\"margin-bottom: 12px\">\n\t<div class=\"qodef-il-icon-holder\">\n\t\t<i class=\"qodef-icon-dripicons dripicon dripicons-checkmark \" style=\"color: #595959\"><\/i>\t<\/div>\n\t<p class=\"qodef-il-text\" >Selecci\u00f3n de Docentes para Formaci\u00f3n presencial (Formaci\u00f3n Reglada y no reglada)<\/p>\n<\/div><div class=\"qodef-icon-list-holder qodef-normal \" style=\"margin-bottom: 12px\">\n\t<div class=\"qodef-il-icon-holder\">\n\t\t<i class=\"qodef-icon-dripicons dripicon dripicons-checkmark \" style=\"color: #595959\"><\/i>\t<\/div>\n\t<p class=\"qodef-il-text\" >Selecci\u00f3n de Autores\/as<\/p>\n<\/div><div class=\"qodef-icon-list-holder qodef-normal \" style=\"margin-bottom: 12px\">\n\t<div class=\"qodef-il-icon-holder\">\n\t\t<i class=\"qodef-icon-dripicons dripicon dripicons-checkmark \" style=\"color: #595959\"><\/i>\t<\/div>\n\t<p class=\"qodef-il-text\" >Bolsa de Docentes de alta rotaci\u00f3n.<\/p>\n<\/div><div class=\"qodef-icon-list-holder qodef-normal \" style=\"margin-bottom: 12px\">\n\t<div class=\"qodef-il-icon-holder\">\n\t\t<i class=\"qodef-icon-dripicons dripicon dripicons-checkmark \" style=\"color: #595959\"><\/i>\t<\/div>\n\t<p class=\"qodef-il-text\" >Selecci\u00f3n de Equipos docentes\/tutores para ejecuci\u00f3n de proyectos formativos.<\/p>\n<\/div>[\/vc_column_inner][\/vc_row_inner][vc_empty_space height=\u00bb26px\u00bb]\t\t<\/div>\n\t<\/div>\n<\/div><div class=\"qodef-eh-item  qodef-vertical-alignment-bottom  \"  data-item-class=\"qodef-eh-custom-3775\">\n\t<div class=\"qodef-eh-item-inner\">\n\t\t<div class=\"qodef-eh-item-content qodef-eh-custom-3775\" style=\"padding: 60px 0 0 0\">\n\t\t\t[vc_single_image image=\u00bb5414&#8243; img_size=\u00bb380&#215;384&#8243; alignment=\u00bbright\u00bb css_animation=\u00bbfadeInRight\u00bb]\t\t<\/div>\n\t<\/div>\n<\/div><\/div>[\/vc_column][\/vc_row][vc_row enable_skewed_section_effect=\u00bbyes\u00bb skewed_section_effect_top=\u00bbyes\u00bb skewed_section_effect_bottom=\u00bbyes\u00bb row_background_text_align=\u00bbright\u00bb row_background_text_vertical_align=\u00bbtop\u00bb row_background_text_1=\u00bb2&#8243; row_background_text_size=\u00bb22em\u00bb row_background_text_color=\u00bbrgba(221,221,221,0.38)\u00bb row_background_text_padding_top=\u00bb0&#8243; row_background_text_padding_left=\u00bb0&#8243; css=\u00bb.vc_custom_1641200013486{padding-top: 2rem !important;padding-bottom: 2rem !important;background-color: #f5f5f5 !important;}\u00bb row_background_text_padding_right=\u00bb37%\u00bb el_id=\u00bbRecursosFormacion\u00bb][vc_column css=\u00bb.vc_custom_1641199957057{padding-top: 0px !important;}\u00bb el_id=\u00bbRecursosFormacion\u00bb]<div class=\"qodef-elements-holder   qodef-two-columns  qodef-responsive-mode-1024   \" ><div class=\"qodef-eh-item  qodef-vertical-alignment-bottom  \"  data-item-class=\"qodef-eh-custom-5799\"     >\n\t<div class=\"qodef-eh-item-inner\">\n\t\t<div class=\"qodef-eh-item-content qodef-eh-custom-5799\" style=\"padding: 0\">\n\t\t\t[vc_single_image image=\u00bb5459&#8243; img_size=\u00bb350&#215;354&#8243; alignment=\u00bbcenter\u00bb css_animation=\u00bbfadeInLeft\u00bb css=\u00bb.vc_custom_1632216182347{padding-top: 0px !important;}\u00bb]\t\t<\/div>\n\t<\/div>\n<\/div><div class=\"qodef-eh-item    \"  data-item-class=\"qodef-eh-custom-8418\">\n\t<div class=\"qodef-eh-item-inner\">\n\t\t<div class=\"qodef-eh-item-content qodef-eh-custom-8418\" >\n\t\t\t<div class=\"qodef-section-title-holder  qodef-st-standard qodef-st-title-left qodef-st-normal-space qodef-st-disable-title-break\" >\n\t<div class=\"qodef-st-inner\">\n\t\t\t\t\t\t\t<h3 class=\"qodef-st-title\" style=\"color: #4d4d4d;font-size: 26px;font-weight: 700\">\n\t\t\t\t<span class=\"qodef-st-title-colored\">Recursos<\/span> para la <span class=\"qodef-st-title-colored\">Formaci\u00f3n<\/span>\t\t\t<\/h3>\n\t\t\t\t\t<\/div>\n<\/div>[vc_empty_space height=\u00bb26px\u00bb][vc_row_inner css=\u00bb.vc_custom_1544782930823{padding-top: 2px !important;}\u00bb][vc_column_inner]<div class=\"qodef-icon-list-holder qodef-normal \" style=\"margin-bottom: 12px\">\n\t<div class=\"qodef-il-icon-holder\">\n\t\t<i class=\"qodef-icon-dripicons dripicon dripicons-checkmark \" style=\"color: #595959\"><\/i>\t<\/div>\n\t<p class=\"qodef-il-text\" >Contenidos Elearning<\/p>\n<\/div><div class=\"qodef-icon-list-holder qodef-normal \" style=\"margin-bottom: 12px\">\n\t<div class=\"qodef-il-icon-holder\">\n\t\t<i class=\"qodef-icon-dripicons dripicon dripicons-checkmark \" style=\"color: #595959\"><\/i>\t<\/div>\n\t<p class=\"qodef-il-text\" >Manuales<\/p>\n<\/div><div class=\"qodef-icon-list-holder qodef-normal \" style=\"margin-bottom: 12px\">\n\t<div class=\"qodef-il-icon-holder\">\n\t\t<i class=\"qodef-icon-dripicons dripicon dripicons-checkmark \" style=\"color: #595959\"><\/i>\t<\/div>\n\t<p class=\"qodef-il-text\" >Plataformas Elearning<\/p>\n<\/div><div class=\"qodef-icon-list-holder qodef-normal \" style=\"margin-bottom: 12px\">\n\t<div class=\"qodef-il-icon-holder\">\n\t\t<i class=\"qodef-icon-dripicons dripicon dripicons-checkmark \" style=\"color: #595959\"><\/i>\t<\/div>\n\t<p class=\"qodef-il-text\" >Recursos Did\u00e1cticos.<\/p>\n<\/div><div class=\"qodef-icon-list-holder qodef-normal \" style=\"margin-bottom: 12px\">\n\t<div class=\"qodef-il-icon-holder\">\n\t\t<i class=\"qodef-icon-dripicons dripicon dripicons-checkmark \" style=\"color: #595959\"><\/i>\t<\/div>\n\t<p class=\"qodef-il-text\" >Recursos Tecnol\u00f3gicos para la formaci\u00f3n.<\/p>\n<\/div>[\/vc_column_inner][\/vc_row_inner]\t\t<\/div>\n\t<\/div>\n<\/div><\/div>[\/vc_column][\/vc_row][vc_row row_content_width=\u00bbgrid\u00bb enable_skewed_section_effect=\u00bbyes\u00bb skewed_section_effect_top=\u00bbyes\u00bb row_background_text_align=\u00bbleft\u00bb row_background_text_vertical_align=\u00bbtop\u00bb row_background_text_1=\u00bb3&#8243; row_background_text_size=\u00bb22em\u00bb row_background_text_color=\u00bbrgba(221,221,221,0.38)\u00bb row_background_text_padding_top=\u00bb0&#8243; row_background_text_padding_left=\u00bb0&#8243; css=\u00bb.vc_custom_1641200307402{padding-top: 2rem !important;padding-bottom: 2rem !important;}\u00bb el_id=\u00bbAsesoramientoConsultoria\u00bb][vc_column]<div class=\"qodef-elements-holder   qodef-two-columns  qodef-responsive-mode-1024   \" ><div class=\"qodef-eh-item    \"  data-item-class=\"qodef-eh-custom-1612\" data-1367-1600=\"60px 0 60px 0\" data-1025-1366=\"60px 74px 60px 0\" data-769-1024=\"60px 30% 0px 0\" data-681-768=\"60px 83px 0px 0\" data-680=\"60px 8% 0 0\">\n\t<div class=\"qodef-eh-item-inner\">\n\t\t<div class=\"qodef-eh-item-content qodef-eh-custom-1612\" style=\"padding: 80px 0px 60px 0\">\n\t\t\t<div class=\"qodef-section-title-holder  qodef-st-standard qodef-st-title-left qodef-st-normal-space qodef-st-disable-title-break\" >\n\t<div class=\"qodef-st-inner\">\n\t\t\t\t\t\t\t<h3 class=\"qodef-st-title\" style=\"color: #4d4d4d;font-size: 26px;font-weight: 700\">\n\t\t\t\tAsesoramiento \/ <span class=\"qodef-st-title-colored\">Consultor\u00eda<\/span>\t\t\t<\/h3>\n\t\t\t\t\t<\/div>\n<\/div>[vc_empty_space height=\u00bb26px\u00bb][vc_row_inner css=\u00bb.vc_custom_1544782930823{padding-top: 2px !important;}\u00bb][vc_column_inner]<div class=\"qodef-icon-list-holder qodef-normal \" style=\"margin-bottom: 12px\">\n\t<div class=\"qodef-il-icon-holder\">\n\t\t<i class=\"qodef-icon-dripicons dripicon dripicons-checkmark \" style=\"color: #595959\"><\/i>\t<\/div>\n\t<p class=\"qodef-il-text\" >Acreditaciones e inscripciones.<\/p>\n<\/div><div class=\"qodef-icon-list-holder qodef-normal \" style=\"margin-bottom: 12px\">\n\t<div class=\"qodef-il-icon-holder\">\n\t\t<i class=\"qodef-icon-dripicons dripicon dripicons-checkmark \" style=\"color: #595959\"><\/i>\t<\/div>\n\t<p class=\"qodef-il-text\" >Homologaciones<\/p>\n<\/div><div class=\"qodef-icon-list-holder qodef-normal \" style=\"margin-bottom: 12px\">\n\t<div class=\"qodef-il-icon-holder\">\n\t\t<i class=\"qodef-icon-dripicons dripicon dripicons-checkmark \" style=\"color: #595959\"><\/i>\t<\/div>\n\t<p class=\"qodef-il-text\" >Asesoramiento y apoyo en convocatorias p\u00fablicas y licitaciones.<\/p>\n<\/div><div class=\"qodef-icon-list-holder qodef-normal \" style=\"margin-bottom: 12px\">\n\t<div class=\"qodef-il-icon-holder\">\n\t\t<i class=\"qodef-icon-dripicons dripicon dripicons-checkmark \" style=\"color: #595959\"><\/i>\t<\/div>\n\t<p class=\"qodef-il-text\" >Asesoramiento y apoyo en la elaboraci\u00f3n de Planes Formativos de empresas p\u00fablicas y privadas.<\/p>\n<\/div>[\/vc_column_inner][\/vc_row_inner][vc_empty_space height=\u00bb26px\u00bb]\t\t<\/div>\n\t<\/div>\n<\/div><div class=\"qodef-eh-item  qodef-vertical-alignment-top  \"  data-item-class=\"qodef-eh-custom-1059\"     >\n\t<div class=\"qodef-eh-item-inner\">\n\t\t<div class=\"qodef-eh-item-content qodef-eh-custom-1059\" style=\"padding: 0\">\n\t\t\t[vc_single_image image=\u00bb5512&#8243; img_size=\u00bb350&#215;354&#8243; alignment=\u00bbright\u00bb css_animation=\u00bbfadeInRight\u00bb]\t\t<\/div>\n\t<\/div>\n<\/div><\/div>[\/vc_column][\/vc_row][vc_row enable_skewed_section_effect=\u00bbyes\u00bb skewed_section_effect_top=\u00bbyes\u00bb skewed_section_effect_bottom=\u00bbyes\u00bb row_background_text_align=\u00bbright\u00bb row_background_text_vertical_align=\u00bbtop\u00bb row_background_text_1=\u00bb4&#8243; row_background_text_size=\u00bb22em\u00bb row_background_text_color=\u00bbrgba(221,221,221,0.38)\u00bb row_background_text_padding_top=\u00bb0&#8243; row_background_text_padding_left=\u00bb0&#8243; css=\u00bb.vc_custom_1632222087781{padding-top: 2rem !important;padding-bottom: 2rem !important;background-color: #f5f5f5 !important;}\u00bb row_background_text_padding_right=\u00bb37%\u00bb][vc_column css=\u00bb.vc_custom_1632217115975{padding-top: 0px !important;}\u00bb]<div class=\"qodef-elements-holder   qodef-two-columns  qodef-responsive-mode-1024   \" ><div class=\"qodef-eh-item  qodef-vertical-alignment-bottom  \"  data-item-class=\"qodef-eh-custom-5261\"     >\n\t<div class=\"qodef-eh-item-inner\">\n\t\t<div class=\"qodef-eh-item-content qodef-eh-custom-5261\" style=\"padding: 0\">\n\t\t\t[vc_single_image image=\u00bb5510&#8243; img_size=\u00bb350&#215;354&#8243; alignment=\u00bbcenter\u00bb css_animation=\u00bbfadeInLeft\u00bb css=\u00bb.vc_custom_1632222135219{padding-top: 0px !important;}\u00bb]\t\t<\/div>\n\t<\/div>\n<\/div><div class=\"qodef-eh-item    \"  data-item-class=\"qodef-eh-custom-7555\">\n\t<div class=\"qodef-eh-item-inner\">\n\t\t<div class=\"qodef-eh-item-content qodef-eh-custom-7555\" >\n\t\t\t<div class=\"qodef-section-title-holder  qodef-st-standard qodef-st-title-left qodef-st-normal-space qodef-st-disable-title-break\" >\n\t<div class=\"qodef-st-inner\">\n\t\t\t\t\t\t\t<h3 class=\"qodef-st-title\" style=\"color: #4d4d4d;font-size: 26px;font-weight: 700\">\n\t\t\t\t<span class=\"qodef-st-title-colored\">Departamento<\/span> T\u00e9cnico\t\t\t<\/h3>\n\t\t\t\t\t<\/div>\n<\/div>[vc_empty_space height=\u00bb26px\u00bb][vc_row_inner css=\u00bb.vc_custom_1544782930823{padding-top: 2px !important;}\u00bb][vc_column_inner]<div class=\"qodef-icon-list-holder qodef-normal \" style=\"margin-bottom: 12px\">\n\t<div class=\"qodef-il-icon-holder\">\n\t\t<i class=\"qodef-icon-dripicons dripicon dripicons-checkmark \" style=\"color: #595959\"><\/i>\t<\/div>\n\t<p class=\"qodef-il-text\" >Apoyo t\u00e9cnico para plataformas Elearning.<\/p>\n<\/div>[\/vc_column_inner][\/vc_row_inner]\t\t<\/div>\n\t<\/div>\n<\/div><\/div>[\/vc_column][\/vc_row][vc_row row_content_width=\u00bbgrid\u00bb enable_skewed_section_effect=\u00bbyes\u00bb skewed_section_effect_top=\u00bbyes\u00bb row_background_text_align=\u00bbleft\u00bb row_background_text_vertical_align=\u00bbtop\u00bb row_background_text_1=\u00bb5&#8243; row_background_text_size=\u00bb22em\u00bb row_background_text_color=\u00bbrgba(221,221,221,0.38)\u00bb row_background_text_padding_top=\u00bb0&#8243; row_background_text_padding_left=\u00bb0&#8243; css=\u00bb.vc_custom_1641200549431{padding-top: 2rem !important;padding-bottom: 2rem !important;}\u00bb el_id=\u00bbConsultoriaRRHHFormacion\u00bb][vc_column]<div class=\"qodef-elements-holder   qodef-two-columns  qodef-responsive-mode-1024   \" ><div class=\"qodef-eh-item    \"  data-item-class=\"qodef-eh-custom-3264\" data-1367-1600=\"60px 0 60px 0\" data-1025-1366=\"60px 74px 60px 0\" data-769-1024=\"60px 30% 0px 0\" data-681-768=\"60px 83px 0px 0\" data-680=\"60px 8% 0 0\">\n\t<div class=\"qodef-eh-item-inner\">\n\t\t<div class=\"qodef-eh-item-content qodef-eh-custom-3264\" style=\"padding: 80px 0px 60px 0\">\n\t\t\t<div class=\"qodef-section-title-holder  qodef-st-standard qodef-st-title-left qodef-st-normal-space qodef-st-disable-title-break\" >\n\t<div class=\"qodef-st-inner\">\n\t\t\t\t\t\t\t<h3 class=\"qodef-st-title\" style=\"color: #4d4d4d;font-size: 26px;font-weight: 700\">\n\t\t\t\t<span class=\"qodef-st-title-colored\">Consultor\u00eda<\/span> para <span class=\"qodef-st-title-colored\">RRHH<\/span> del Sector de la <span class=\"qodef-st-title-colored\">Formaci\u00f3n<\/span>\t\t\t<\/h3>\n\t\t\t\t\t<\/div>\n<\/div>[vc_empty_space height=\u00bb26px\u00bb][vc_row_inner css=\u00bb.vc_custom_1544782930823{padding-top: 2px !important;}\u00bb][vc_column_inner]<div class=\"qodef-icon-list-holder qodef-normal \" style=\"margin-bottom: 12px\">\n\t<div class=\"qodef-il-icon-holder\">\n\t\t<i class=\"qodef-icon-dripicons dripicon dripicons-checkmark \" style=\"color: #595959\"><\/i>\t<\/div>\n\t<p class=\"qodef-il-text\" >Asesoramiento y orientaci\u00f3n profesional<\/p>\n<\/div><div class=\"qodef-icon-list-holder qodef-normal \" style=\"margin-bottom: 12px\">\n\t<div class=\"qodef-il-icon-holder\">\n\t\t<i class=\"qodef-icon-dripicons dripicon dripicons-checkmark \" style=\"color: #595959\"><\/i>\t<\/div>\n\t<p class=\"qodef-il-text\" >Formaci\u00f3n<\/p>\n<\/div><div class=\"qodef-icon-list-holder qodef-normal \" style=\"margin-bottom: 12px\">\n\t<div class=\"qodef-il-icon-holder\">\n\t\t<i class=\"qodef-icon-dripicons dripicon dripicons-checkmark \" style=\"color: #595959\"><\/i>\t<\/div>\n\t<p class=\"qodef-il-text\" >Asesoramiento fiscal, laboral, contable y jur\u00eddico<\/p>\n<\/div><div class=\"qodef-icon-list-holder qodef-normal \" style=\"margin-bottom: 12px\">\n\t<div class=\"qodef-il-icon-holder\">\n\t\t<i class=\"qodef-icon-dripicons dripicon dripicons-checkmark \" style=\"color: #595959\"><\/i>\t<\/div>\n\t<p class=\"qodef-il-text\" >Excelencia Impulsa<\/p>\n<\/div>[\/vc_column_inner][\/vc_row_inner][vc_empty_space height=\u00bb26px\u00bb]\t\t<\/div>\n\t<\/div>\n<\/div><div class=\"qodef-eh-item  qodef-vertical-alignment-top  \"  data-item-class=\"qodef-eh-custom-5100\"     >\n\t<div class=\"qodef-eh-item-inner\">\n\t\t<div class=\"qodef-eh-item-content qodef-eh-custom-5100\" style=\"padding: 0\">\n\t\t\t[vc_single_image image=\u00bb5520&#8243; img_size=\u00bb350&#215;354&#8243; alignment=\u00bbright\u00bb css_animation=\u00bbfadeInRight\u00bb]\t\t<\/div>\n\t<\/div>\n<\/div><\/div>[\/vc_column][\/vc_row][vc_row enable_skewed_section_effect=\u00bbyes\u00bb skewed_section_effect_top=\u00bbyes\u00bb skewed_section_effect_bottom=\u00bbyes\u00bb row_background_text_align=\u00bbright\u00bb row_background_text_vertical_align=\u00bbtop\u00bb row_background_text_1=\u00bb6&#8243; row_background_text_size=\u00bb22em\u00bb row_background_text_color=\u00bbrgba(221,221,221,0.38)\u00bb row_background_text_padding_top=\u00bb0&#8243; row_background_text_padding_left=\u00bb0&#8243; css=\u00bb.vc_custom_1645440971609{padding-top: 2rem !important;padding-bottom: 2rem !important;background-color: #f5f5f5 !important;}\u00bb row_background_text_padding_right=\u00bb37%\u00bb][vc_column css=\u00bb.vc_custom_1632217115975{padding-top: 0px !important;}\u00bb]<div class=\"qodef-elements-holder   qodef-two-columns  qodef-responsive-mode-1024   \" ><div class=\"qodef-eh-item  qodef-vertical-alignment-bottom  \"  data-item-class=\"qodef-eh-custom-1114\"     >\n\t<div class=\"qodef-eh-item-inner\">\n\t\t<div class=\"qodef-eh-item-content qodef-eh-custom-1114\" style=\"padding: 0\">\n\t\t\t[vc_single_image image=\u00bb5525&#8243; img_size=\u00bb350&#215;354&#8243; alignment=\u00bbcenter\u00bb css_animation=\u00bbfadeInLeft\u00bb css=\u00bb.vc_custom_1632292949266{padding-top: 0px !important;}\u00bb]\t\t<\/div>\n\t<\/div>\n<\/div><div class=\"qodef-eh-item    \"  data-item-class=\"qodef-eh-custom-5057\">\n\t<div class=\"qodef-eh-item-inner\">\n\t\t<div class=\"qodef-eh-item-content qodef-eh-custom-5057\" >\n\t\t\t<div class=\"qodef-section-title-holder  qodef-st-standard qodef-st-title-left qodef-st-normal-space qodef-st-disable-title-break\" >\n\t<div class=\"qodef-st-inner\">\n\t\t\t\t\t\t\t<h3 class=\"qodef-st-title\" style=\"color: #4d4d4d;font-size: 26px;font-weight: 700\">\n\t\t\t\t<span class=\"qodef-st-title-colored\">Servicios<\/span> <span class=\"qodef-st-title-colored\">Complementarios<\/span> para<br \/> el Sector de <span class=\"qodef-st-title-colored\">la<\/span> <span class=\"qodef-st-title-colored\">Formaci\u00f3n<\/span>\t\t\t<\/h3>\n\t\t\t\t\t<\/div>\n<\/div>[vc_empty_space height=\u00bb26px\u00bb][vc_row_inner css=\u00bb.vc_custom_1544782930823{padding-top: 2px !important;}\u00bb][vc_column_inner]<div class=\"qodef-icon-list-holder qodef-normal \" style=\"margin-bottom: 12px\">\n\t<div class=\"qodef-il-icon-holder\">\n\t\t<i class=\"qodef-icon-dripicons dripicon dripicons-checkmark \" style=\"color: #595959\"><\/i>\t<\/div>\n\t<p class=\"qodef-il-text\" >Certificados de Calidad.<\/p>\n<\/div><div class=\"qodef-icon-list-holder qodef-normal \" style=\"margin-bottom: 12px\">\n\t<div class=\"qodef-il-icon-holder\">\n\t\t<i class=\"qodef-icon-dripicons dripicon dripicons-checkmark \" style=\"color: #595959\"><\/i>\t<\/div>\n\t<p class=\"qodef-il-text\" >Protecci\u00f3n de datos.<\/p>\n<\/div><div class=\"qodef-icon-list-holder qodef-normal \" style=\"margin-bottom: 12px\">\n\t<div class=\"qodef-il-icon-holder\">\n\t\t<i class=\"qodef-icon-dripicons dripicon dripicons-checkmark \" style=\"color: #595959\"><\/i>\t<\/div>\n\t<p class=\"qodef-il-text\" >Servicio de prevenci\u00f3n.<\/p>\n<\/div><div class=\"qodef-icon-list-holder qodef-normal \" style=\"margin-bottom: 12px\">\n\t<div class=\"qodef-il-icon-holder\">\n\t\t<i class=\"qodef-icon-dripicons dripicon dripicons-checkmark \" style=\"color: #595959\"><\/i>\t<\/div>\n\t<p class=\"qodef-il-text\" >Seguros<\/p>\n<\/div>[\/vc_column_inner][\/vc_row_inner]\t\t<\/div>\n\t<\/div>\n<\/div><\/div>[\/vc_column][\/vc_row]<\/p>\n","protected":false},"excerpt":{"rendered":"<p>[vc_row row_content_width=\u00bbgrid\u00bb enable_skewed_section_effect=\u00bbyes\u00bb skewed_section_effect_top=\u00bbyes\u00bb row_background_text_align=\u00bbleft\u00bb row_background_text_vertical_align=\u00bbtop\u00bb row_background_text_1=\u00bb1&#8243; row_background_text_size=\u00bb22em\u00bb row_background_text_color=\u00bbrgba(221,221,221,0.38)\u00bb row_background_text_padding_top=\u00bb0&#8243; row_background_text_padding_left=\u00bb0&#8243;][vc_column][\/vc_column][\/vc_row][vc_row enable_skewed_section_effect=\u00bbyes\u00bb skewed_section_effect_top=\u00bbyes\u00bb skewed_section_effect_bottom=\u00bbyes\u00bb row_background_text_align=\u00bbright\u00bb row_background_text_vertical_align=\u00bbtop\u00bb row_background_text_1=\u00bb2&#8243; row_background_text_size=\u00bb22em\u00bb row_background_text_color=\u00bbrgba(221,221,221,0.38)\u00bb row_background_text_padding_top=\u00bb0&#8243; row_background_text_padding_left=\u00bb0&#8243; css=\u00bb.vc_custom_1641200013486{padding-top: 2rem !important;padding-bottom: 2rem !important;background-color: #f5f5f5 !important;}\u00bb row_background_text_padding_right=\u00bb37%\u00bb el_id=\u00bbRecursosFormacion\u00bb][vc_column css=\u00bb.vc_custom_1641199957057{padding-top: 0px !important;}\u00bb el_id=\u00bbRecursosFormacion\u00bb][\/vc_column][\/vc_row][vc_row row_content_width=\u00bbgrid\u00bb enable_skewed_section_effect=\u00bbyes\u00bb skewed_section_effect_top=\u00bbyes\u00bb row_background_text_align=\u00bbleft\u00bb row_background_text_vertical_align=\u00bbtop\u00bb row_background_text_1=\u00bb3&#8243; [&hellip;]<\/p>\n","protected":false},"author":1,"featured_media":0,"parent":0,"menu_order":0,"comment_status":"closed","ping_status":"closed","template":"full-width.php","meta":{"footnotes":""},"class_list":["post-5365","page","type-page","status-publish","hentry"],"_links":{"self":[{"href":"https:\/\/www.recursosimpulsa.com\/web_nueva\/wp-json\/wp\/v2\/pages\/5365","targetHints":{"allow":["GET"]}}],"collection":[{"href":"https:\/\/www.recursosimpulsa.com\/web_nueva\/wp-json\/wp\/v2\/pages"}],"about":[{"href":"https:\/\/www.recursosimpulsa.com\/web_nueva\/wp-json\/wp\/v2\/types\/page"}],"author":[{"embeddable":true,"href":"https:\/\/www.recursosimpulsa.com\/web_nueva\/wp-json\/wp\/v2\/users\/1"}],"replies":[{"embeddable":true,"href":"https:\/\/www.recursosimpulsa.com\/web_nueva\/wp-json\/wp\/v2\/comments?post=5365"}],"version-history":[{"count":165,"href":"https:\/\/www.recursosimpulsa.com\/web_nueva\/wp-json\/wp\/v2\/pages\/5365\/revisions"}],"predecessor-version":[{"id":6117,"href":"https:\/\/www.recursosimpulsa.com\/web_nueva\/wp-json\/wp\/v2\/pages\/5365\/revisions\/6117"}],"wp:attachment":[{"href":"https:\/\/www.recursosimpulsa.com\/web_nueva\/wp-json\/wp\/v2\/media?parent=5365"}],"curies":[{"name":"wp","href":"https:\/\/api.w.org\/{rel}","templated":true}]}}